{"id":3042,"date":"2025-07-14T19:09:48","date_gmt":"2025-07-14T17:09:48","guid":{"rendered":"https:\/\/mairieazillanet.net\/NS\/?page_id=3042"},"modified":"2025-12-18T10:53:05","modified_gmt":"2025-12-18T09:53:05","slug":"deliberation-conseil-municipal","status":"publish","type":"page","link":"https:\/\/mairieazillanet.net\/NS\/deliberation-conseil-municipal\/","title":{"rendered":"D\u00e9lib\u00e9rations Conseil Municipal"},"content":{"rendered":"\n<p>Liste des d\u00e9lib\u00e9rations du Conseil Municipal<\/p>\n\n\n\n<p>S\u00e9ance du 06-01-2025 :<\/p>\n\n\n\n<ul class=\"wp-block-list\">\n<li><a href=\"https:\/\/mairieazillanet.net\/NS\/wp-content\/uploads\/2025\/01\/Liste-deliberations-CM-06-01-2025.pdf\" data-type=\"attachment\" data-id=\"2962\">Liste d\u00e9lib\u00e9rations<\/a><\/li>\n\n\n\n<li><a href=\"https:\/\/mairieazillanet.net\/NS\/wp-content\/uploads\/2025\/04\/PV-CM-06-01-2025.pdf\" data-type=\"attachment\" data-id=\"2970\">Proc\u00e8s Verbal<\/a><\/li>\n<\/ul>\n\n\n\n<p>S\u00e9ance du 10-04-2025<\/p>\n\n\n\n<ul class=\"wp-block-list\">\n<li><a href=\"https:\/\/mairieazillanet.net\/NS\/wp-content\/uploads\/2025\/04\/Liste-deliberation-CM10-04-2025.pdf\" data-type=\"attachment\" data-id=\"2971\">Liste d\u00e9lib\u00e9rations<\/a><\/li>\n\n\n\n<li><a href=\"https:\/\/mairieazillanet.net\/NS\/wp-content\/uploads\/2025\/04\/PV-CM-10-04-2025.pdf\" data-type=\"attachment\" data-id=\"2983\">Proc\u00e8s Verbal<\/a><\/li>\n<\/ul>\n\n\n\n<p>S\u00e9ance du 28-04-2025<\/p>\n\n\n\n<ul class=\"wp-block-list\">\n<li><a href=\"https:\/\/mairieazillanet.net\/NS\/wp-content\/uploads\/2025\/05\/Liste-deliberations-CM28-04-2025.pdf\" data-type=\"attachment\" data-id=\"2995\">Liste d\u00e9lib\u00e9rations<\/a><\/li>\n\n\n\n<li><a href=\"https:\/\/mairieazillanet.net\/NS\/wp-content\/uploads\/2025\/07\/PV-CM-28-04-2025.pdf\" data-type=\"attachment\" data-id=\"3034\">Proc\u00e8s Verbal<\/a><\/li>\n<\/ul>\n\n\n\n<p>S\u00e9ance du 30-06-2025<\/p>\n\n\n\n<ul class=\"wp-block-list\">\n<li><a href=\"https:\/\/mairieazillanet.net\/NS\/wp-content\/uploads\/2025\/07\/Liste-deliberations-CM-30-06-2025-2.pdf\" data-type=\"attachment\" data-id=\"3059\">Liste d\u00e9lib\u00e9rations<\/a><\/li>\n\n\n\n<li><a href=\"https:\/\/mairieazillanet.net\/NS\/wp-content\/uploads\/2025\/07\/PV-CM-30-06-2025.pdf\" data-type=\"attachment\" data-id=\"3063\">Proc\u00e8s Verbal<\/a><\/li>\n<\/ul>\n\n\n\n<p>S\u00e9ance du 28-08-2025<\/p>\n\n\n\n<ul class=\"wp-block-list\">\n<li><a href=\"https:\/\/mairieazillanet.net\/NS\/wp-content\/uploads\/2025\/09\/Liste-deliberation-CM-28-08-2025.pdf\" data-type=\"attachment\" data-id=\"3083\">Liste d\u00e9lib\u00e9rations<\/a><\/li>\n\n\n\n<li><a href=\"https:\/\/mairieazillanet.net\/NS\/wp-content\/uploads\/2025\/10\/PV-CM-28-08-2025.pdf\" data-type=\"attachment\" data-id=\"3136\">Proc\u00e8s Verbal<\/a><\/li>\n<\/ul>\n\n\n\n<p>S\u00e9ance du 06-10-2025  <\/p>\n\n\n\n<ul class=\"wp-block-list\">\n<li><a href=\"https:\/\/mairieazillanet.net\/NS\/wp-content\/uploads\/2025\/10\/Liste-deliberation-CM-06-10-2025-1.pdf\" data-type=\"attachment\" data-id=\"3148\">Liste d\u00e9lib\u00e9rations<\/a><\/li>\n\n\n\n<li><a href=\"https:\/\/mairieazillanet.net\/NS\/wp-content\/uploads\/2025\/10\/PV-CM-06-10-2025-1.pdf\" data-type=\"attachment\" data-id=\"3164\">Proc\u00e8s Verbal<\/a><\/li>\n<\/ul>\n\n\n\n<p>S\u00e9ance du 16-10-2025<\/p>\n\n\n\n<ul class=\"wp-block-list\">\n<li><a href=\"https:\/\/mairieazillanet.net\/NS\/wp-content\/uploads\/2025\/10\/Liste-deliberations-CM-16-10-2025.pdf\" data-type=\"attachment\" data-id=\"3166\">Liste d\u00e9lib\u00e9rations<\/a><\/li>\n\n\n\n<li><a href=\"https:\/\/mairieazillanet.net\/NS\/wp-content\/uploads\/2025\/11\/PV-CM-16-10-2025.pdf\" data-type=\"attachment\" data-id=\"3180\">Proc\u00e8s Verbal<\/a><\/li>\n<\/ul>\n\n\n\n<p>S\u00e9ance du 10-11-2025<\/p>\n\n\n\n<ul class=\"wp-block-list\">\n<li><a href=\"https:\/\/mairieazillanet.net\/NS\/wp-content\/uploads\/2025\/11\/Liste-deliberations-CM-10-11-2025.pdf\" data-type=\"attachment\" data-id=\"3190\">Liste d\u00e9lib\u00e9rations<\/a><\/li>\n\n\n\n<li><a href=\"https:\/\/mairieazillanet.net\/NS\/wp-content\/uploads\/2025\/12\/PV-CM-10-11-2025.pdf\" data-type=\"attachment\" data-id=\"3201\">Proc\u00e8s Verbal<\/a><\/li>\n<\/ul>\n\n\n\n<p>S\u00e9ance du 15-12-2025 <\/p>\n\n\n\n<ul class=\"wp-block-list\">\n<li><a href=\"https:\/\/mairieazillanet.net\/NS\/wp-content\/uploads\/2025\/12\/Liste-deliberation-CM-15-12-2025.pdf\" data-type=\"attachment\" data-id=\"3204\">Liste d\u00e9lib\u00e9rations<\/a><\/li>\n\n\n\n<li>Proc\u00e8s verbal<\/li>\n<\/ul>\n\n\n\n<p><\/p>\n\n\n\n<p><\/p>\n\n\n\n<p><\/p>\n\n\n\n<p><\/p>\n\n\n\n<p><\/p>\n","protected":false},"excerpt":{"rendered":"<p>Liste des d\u00e9lib\u00e9rations du Conseil Municipal S\u00e9ance du 06-01-2025 : S\u00e9ance du 10-04-2025 S\u00e9ance du 28-04-2025 S\u00e9ance du 30-06-2025 S\u00e9ance du 28-08-2025 S\u00e9ance du 06-10-2025 S\u00e9ance du 16-10-2025 S\u00e9ance du 10-11-2025 S\u00e9ance du 15-12-2025<\/p>\n","protected":false},"author":1,"featured_media":0,"parent":0,"menu_order":0,"comment_status":"closed","ping_status":"closed","template":"","meta":{"_uag_custom_page_level_css":"","footnotes":""},"class_list":["post-3042","page","type-page","status-publish"],"uagb_featured_image_src":{"full":false,"thumbnail":false,"medium":false,"medium_large":false,"large":false,"1536x1536":false,"2048x2048":false},"uagb_author_info":{"display_name":"pierre","author_link":"https:\/\/mairieazillanet.net\/NS\/author\/le-scribe\/"},"uagb_comment_info":0,"uagb_excerpt":"Liste des d\u00e9lib\u00e9rations du Conseil Municipal S\u00e9ance du 06-01-2025 : S\u00e9ance du 10-04-2025 S\u00e9ance du 28-04-2025 S\u00e9ance du 30-06-2025 S\u00e9ance du 28-08-2025 S\u00e9ance du 06-10-2025 S\u00e9ance du 16-10-2025 S\u00e9ance du 10-11-2025 S\u00e9ance du 15-12-2025","_links":{"self":[{"href":"https:\/\/mairieazillanet.net\/NS\/wp-json\/wp\/v2\/pages\/3042","targetHints":{"allow":["GET"]}}],"collection":[{"href":"https:\/\/mairieazillanet.net\/NS\/wp-json\/wp\/v2\/pages"}],"about":[{"href":"https:\/\/mairieazillanet.net\/NS\/wp-json\/wp\/v2\/types\/page"}],"author":[{"embeddable":true,"href":"https:\/\/mairieazillanet.net\/NS\/wp-json\/wp\/v2\/users\/1"}],"replies":[{"embeddable":true,"href":"https:\/\/mairieazillanet.net\/NS\/wp-json\/wp\/v2\/comments?post=3042"}],"version-history":[{"count":38,"href":"https:\/\/mairieazillanet.net\/NS\/wp-json\/wp\/v2\/pages\/3042\/revisions"}],"predecessor-version":[{"id":3210,"href":"https:\/\/mairieazillanet.net\/NS\/wp-json\/wp\/v2\/pages\/3042\/revisions\/3210"}],"wp:attachment":[{"href":"https:\/\/mairieazillanet.net\/NS\/wp-json\/wp\/v2\/media?parent=3042"}],"curies":[{"name":"wp","href":"https:\/\/api.w.org\/{rel}","templated":true}]}}