{"id":2275,"date":"2022-10-24T14:55:55","date_gmt":"2022-10-24T12:55:55","guid":{"rendered":"https:\/\/mairieazillanet.net\/NS\/?page_id=2275"},"modified":"2025-12-04T14:30:01","modified_gmt":"2025-12-04T13:30:01","slug":"arretes-municipaux","status":"publish","type":"page","link":"https:\/\/mairieazillanet.net\/NS\/arretes-municipaux\/","title":{"rendered":"Arr\u00eat\u00e9s Municipaux"},"content":{"rendered":"\n<ul class=\"wp-block-list\">\n<li><\/li>\n<\/ul>\n\n\n\n<p><\/p>\n\n\n\n<ul class=\"wp-block-list\">\n<li><a href=\"https:\/\/mairieazillanet.net\/NS\/wp-content\/uploads\/2025\/12\/ARRETE-2025-42.pdf\" data-type=\"attachment\" data-id=\"3198\">Arr\u00eat\u00e9 2025-42 : Permission de voirie &#8211; Avenue du Mvois-Eglise<\/a><\/li>\n\n\n\n<li><a href=\"https:\/\/mairieazillanet.net\/NS\/wp-content\/uploads\/2025\/12\/ARRETE-2025-41-Panneaux-affichage-libre.pdf\" data-type=\"attachment\" data-id=\"3195\">Arr\u00eat\u00e9 2025-41 : Panneaux Affichage Libre<\/a><\/li>\n\n\n\n<li><a href=\"https:\/\/mairieazillanet.net\/NS\/wp-content\/uploads\/2025\/11\/ARRETE-2025-40.pdf\" data-type=\"attachment\" data-id=\"3183\">Arr\u00eat\u00e9 2025-40 : Permission de voirie &#8211; Chemin de Roumyre<\/a><\/li>\n\n\n\n<li><a href=\"https:\/\/mairieazillanet.net\/NS\/wp-content\/uploads\/2025\/11\/ARRETE-2025-39.pdf\" data-type=\"attachment\" data-id=\"3187\">Arr\u00eat\u00e9 2025-39 : Permission de voirie &#8211; Avenue du Minervois<\/a><\/li>\n\n\n\n<li><a href=\"https:\/\/mairieazillanet.net\/NS\/wp-content\/uploads\/2025\/11\/ARRETE-2025-38.pdf\" data-type=\"attachment\" data-id=\"3186\">Arr\u00eat\u00e9 2025-38 : Permission de voirie &#8211; Rue de la Mairie<\/a><\/li>\n\n\n\n<li><a href=\"https:\/\/mairieazillanet.net\/NS\/wp-content\/uploads\/2025\/10\/ARRETE-2025-37.pdf\" data-type=\"attachment\" data-id=\"3162\">Arr\u00eat\u00e9 2025-37 : Permission de voirie &#8211; RD168 &#8211; RD177<\/a><\/li>\n\n\n\n<li><a href=\"https:\/\/mairieazillanet.net\/NS\/wp-content\/uploads\/2025\/10\/ARRETE-2025-36.pdf\" data-type=\"attachment\" data-id=\"3155\">Arr\u00eat\u00e9 2025-36 : Permission de voirie &#8211; Avenue du Minervois Rte de Cesseras<\/a><\/li>\n\n\n\n<li><a href=\"https:\/\/mairieazillanet.net\/NS\/wp-content\/uploads\/2025\/10\/ARRETE-2025-35-1.pdf\" data-type=\"attachment\" data-id=\"3153\">Arr\u00eate 2025-35 : Permission de voirie &#8211; Rond Point Rte d&rsquo;Aigne Avenue du Minervois<\/a><\/li>\n\n\n\n<li><a href=\"https:\/\/mairieazillanet.net\/NS\/wp-content\/uploads\/2025\/10\/ARRETE-2025-34.pdf\" data-type=\"attachment\" data-id=\"3122\">Arr\u00eat\u00e9 2025-34 : Restriction de circulation &#8211; Avenue du Minervois<\/a><\/li>\n\n\n\n<li><a href=\"https:\/\/mairieazillanet.net\/NS\/wp-content\/uploads\/2025\/10\/ARRETE-2025-33.pdf\" data-type=\"attachment\" data-id=\"3123\">Arr\u00eat\u00e9 2025-33 : Restriction de circulation &#8211; Grand Rue<\/a><\/li>\n\n\n\n<li><a href=\"https:\/\/mairieazillanet.net\/NS\/wp-content\/uploads\/2025\/10\/arrete-2025-32-mise-en-demeure-avec-astreinte-DESOUSALuis.pdf\" data-type=\"attachment\" data-id=\"3125\">Arr\u00eat\u00e9 2025-32 : Mise en demeure sous astreinte administrative<\/a><\/li>\n\n\n\n<li><a href=\"https:\/\/mairieazillanet.net\/NS\/wp-content\/uploads\/2025\/10\/ARRETE-2025-31-Interruption-travaux-DESOUSA-Louis.pdf\" data-type=\"attachment\" data-id=\"3124\">Arr\u00eat\u00e9 2025-31 : Interruption de travaux<\/a><\/li>\n\n\n\n<li><a href=\"https:\/\/mairieazillanet.net\/NS\/wp-content\/uploads\/2025\/10\/ARRETE-2025-30.pdf\" data-type=\"attachment\" data-id=\"3134\">Arr\u00eat\u00e9 2025-30 : Restriction de circulation : Avenue d&rsquo;Olonzac<\/a><\/li>\n\n\n\n<li><a href=\"https:\/\/mairieazillanet.net\/NS\/wp-content\/uploads\/2025\/09\/ARRETE-2025-29.pdf\" data-type=\"attachment\" data-id=\"3108\">Arr\u00eat\u00e9 2025-29 : Interdiction de circuler &#8211; Rue Paul AZEMA<\/a><\/li>\n\n\n\n<li><a href=\"https:\/\/mairieazillanet.net\/NS\/wp-content\/uploads\/2025\/09\/ARRETE-2025-28.pdf\" data-type=\"attachment\" data-id=\"3103\">Arr\u00eat\u00e9 2025-28 : Restriction de circulation : Route d&rsquo;Aigne<\/a><\/li>\n\n\n\n<li><a href=\"https:\/\/mairieazillanet.net\/NS\/wp-content\/uploads\/2025\/09\/ARRETE-2025-27.pdf\" data-type=\"attachment\" data-id=\"3104\">Arr\u00eate 2025-27 : Permission de voirie &#8211; Route d&rsquo;Aigne<\/a><\/li>\n\n\n\n<li><a href=\"https:\/\/mairieazillanet.net\/NS\/wp-content\/uploads\/2025\/09\/ARRETE-2025-26.pdf\" data-type=\"attachment\" data-id=\"3105\">Arr\u00eate 2025-26 : D\u00e9bit de boissons &#8211; Chemin Cueillant<\/a><\/li>\n\n\n\n<li><a href=\"https:\/\/mairieazillanet.net\/NS\/wp-content\/uploads\/2025\/09\/ARRETE-2025-25.pdf\" data-type=\"attachment\" data-id=\"3106\">Arr\u00eat\u00e9 2025-25 : FETE PAYSANNE D&rsquo;AUTOMNE 2025<\/a><\/li>\n\n\n\n<li><a href=\"https:\/\/mairieazillanet.net\/NS\/wp-content\/uploads\/2025\/09\/ARRETE-2025-24.pdf\" data-type=\"attachment\" data-id=\"3107\">Arr\u00eat\u00e9 2025-24 : D\u00e9bit de boissons &#8211; Club de l&rsquo;Avenir<\/a><\/li>\n\n\n\n<li><a href=\"https:\/\/mairieazillanet.net\/NS\/wp-content\/uploads\/2025\/09\/ARRETE-2025-23.pdf\" data-type=\"attachment\" data-id=\"3116\">Arr\u00eat\u00e9 2025-23 : D\u00e9bit de boissons &#8211; Club de l&rsquo;Avenir<\/a><\/li>\n\n\n\n<li><a href=\"https:\/\/mairieazillanet.net\/NS\/wp-content\/uploads\/2025\/07\/ARRETE-2025-22.pdf\" data-type=\"attachment\" data-id=\"3065\">Arr\u00eat\u00e9 2025-22 : D\u00e9bit de boissons &#8211; Foyer Rural<\/a><\/li>\n\n\n\n<li><a href=\"https:\/\/mairieazillanet.net\/NS\/wp-content\/uploads\/2025\/07\/ARRETE-2025-21.pdf\" data-type=\"attachment\" data-id=\"3068\">Arr\u00eat\u00e9 2025-21 : Restriction de circulation &#8211; Grand Rue<\/a><\/li>\n\n\n\n<li><a href=\"https:\/\/mairieazillanet.net\/NS\/wp-content\/uploads\/2025\/07\/ARRETE-2025-20.pdf\" data-type=\"attachment\" data-id=\"3072\">Arr\u00eat\u00e9 2025-20 : D\u00e9l\u00e9gation de signature Sud H\u00e9rault<\/a><\/li>\n\n\n\n<li><a href=\"https:\/\/mairieazillanet.net\/NS\/wp-content\/uploads\/2025\/07\/ARRETE-2025-19.pdf\" data-type=\"attachment\" data-id=\"3070\">Arr\u00eat\u00e9 2025-19 : Restriction de circulation &#8211; Route de Minerve<\/a><\/li>\n\n\n\n<li><a href=\"https:\/\/mairieazillanet.net\/NS\/wp-content\/uploads\/2025\/07\/ARRETE-2025-18.pdf\" data-type=\"attachment\" data-id=\"3074\">Arr\u00eat\u00e9 2025-18 : Opposition transfert des pouvoirs de police .<\/a><\/li>\n\n\n\n<li><a href=\"https:\/\/mairieazillanet.net\/NS\/wp-content\/uploads\/2025\/06\/ARRETE-2025-17.pdf\" data-type=\"attachment\" data-id=\"3027\">Arr\u00eat\u00e9 2025-17 : D\u00e9bit de boissons &#8211; Assaut des Bambins<\/a><\/li>\n\n\n\n<li><a href=\"https:\/\/mairieazillanet.net\/NS\/wp-content\/uploads\/2025\/06\/ARRETE-2025-16.pdf\" data-type=\"attachment\" data-id=\"3026\">Arr\u00eat\u00e9 2025-16 : D\u00e9bit de boissons &#8211; Foyer Rural<\/a><\/li>\n\n\n\n<li><a href=\"https:\/\/mairieazillanet.net\/NS\/wp-content\/uploads\/2025\/06\/ARRETE-2025-15.pdf\" data-type=\"attachment\" data-id=\"3023\">Arr\u00eate 2025-15 : Restriction de circulation &#8211; RD177 intersection RD10<\/a><\/li>\n\n\n\n<li><a href=\"https:\/\/mairieazillanet.net\/NS\/wp-content\/uploads\/2025\/06\/ARRETE-2025-14-Organisation-FETE-LOCALE-2025.pdf\" data-type=\"attachment\" data-id=\"3015\">Arr\u00eat\u00e9 2025-14 : Organisation FETE LOCALE 2025<\/a><\/li>\n\n\n\n<li><a href=\"https:\/\/mairieazillanet.net\/NS\/wp-content\/uploads\/2025\/06\/ARRETE-2025-13-Delimitation-zones.pdf\" data-type=\"attachment\" data-id=\"3014\">Arr\u00eat\u00e9 2025-13 : D\u00e9limitation des zones o\u00f9 la consommation d&rsquo;alcool est autoris\u00e9e<\/a><\/li>\n\n\n\n<li><a href=\"https:\/\/mairieazillanet.net\/NS\/wp-content\/uploads\/2025\/06\/ARRETE-2025-12-Debit-de-boissons.pdf\" data-type=\"attachment\" data-id=\"3013\">Arr\u00eat\u00e9 2025-12 : D\u00e9bit de boissons &#8211; Comit\u00e9 des F\u00eates<\/a><\/li>\n\n\n\n<li><a href=\"https:\/\/mairieazillanet.net\/NS\/wp-content\/uploads\/2025\/06\/ARRETE-2025-11.pdf\" data-type=\"attachment\" data-id=\"3010\">Arr\u00eat\u00e9 2025-11 : Restriction de circulation &#8211; RD177 Intersection RD10<\/a><\/li>\n\n\n\n<li><a href=\"https:\/\/mairieazillanet.net\/NS\/wp-content\/uploads\/2025\/05\/ARRETE-2025-10-Interdiction-circuler-Rue-sur-Place-de-lEglise.pdf\" data-type=\"attachment\" data-id=\"3006\">Arr\u00eat\u00e9 2025-10 : Interdiction de circuler &#8211; Rue sur la Place de l&rsquo;Eglise<\/a><\/li>\n\n\n\n<li><a href=\"https:\/\/mairieazillanet.net\/NS\/wp-content\/uploads\/2025\/05\/ARRETE-2025-09.pdf\" data-type=\"attachment\" data-id=\"3003\">Arr\u00eat\u00e9 2025-09 : restriction de circulation &#8211; Chemin d&rsquo;Azillanet \u00e0 Minerve<\/a><\/li>\n\n\n\n<li><a href=\"https:\/\/mairieazillanet.net\/NS\/wp-content\/uploads\/2025\/05\/ARRETE-2025-07.pdf\" data-type=\"attachment\" data-id=\"2999\">Arr\u00eat\u00e9 2025-07 : D\u00e9bit de boissons &#8211; Foyer Rural<\/a><\/li>\n\n\n\n<li><a href=\"https:\/\/mairieazillanet.net\/NS\/wp-content\/uploads\/2025\/04\/ARRETE-2025-06.pdf\" data-type=\"attachment\" data-id=\"2975\">Arr\u00eat\u00e9 2025-06 : Restriction de circulation &#8211; Rue du Bois de Paul<\/a><\/li>\n\n\n\n<li><a href=\"https:\/\/mairieazillanet.net\/NS\/wp-content\/uploads\/2025\/04\/ARRETE-2025-05.pdf\" data-type=\"attachment\" data-id=\"2979\">Arr\u00eat\u00e9 2025-05 : D\u00e9bit de boissons &#8211; Comit\u00e9 des F\u00eates<\/a><\/li>\n\n\n\n<li><a href=\"https:\/\/mairieazillanet.net\/NS\/wp-content\/uploads\/2025\/04\/ARRETE-2025-04.pdf\" data-type=\"attachment\" data-id=\"2978\">Arr\u00eat\u00e9 2025-04 : D\u00e9bit de boissons &#8211; Foyer Rural<\/a><\/li>\n\n\n\n<li><a href=\"https:\/\/mairieazillanet.net\/NS\/wp-content\/uploads\/2025\/01\/ARRETE-2025-03.pdf\" data-type=\"attachment\" data-id=\"2967\">Arr\u00eat\u00e9 2025-03 : Autorisation pose \u00e9chafaudage<\/a><\/li>\n\n\n\n<li><a href=\"https:\/\/mairieazillanet.net\/NS\/wp-content\/uploads\/2025\/01\/ARRETE-2025-02.pdf\" data-type=\"attachment\" data-id=\"2964\">Arr\u00eat\u00e9 2025-02 : Permission de voirie &#8211; Chemin de la Courounelle &#8211; Chemin des Pr\u00e9s<\/a><\/li>\n\n\n\n<li><a href=\"https:\/\/mairieazillanet.net\/NS\/wp-content\/uploads\/2025\/01\/ARRETE-2025-01.pdf\" data-type=\"attachment\" data-id=\"2959\">Arr\u00eat\u00e9 2025-01 : Restriction de circulation &#8211; Avenue d&rsquo;Olonzac-Rue de la Mairie-Rue Droite-Grand-Rue-Rue de la rampe<\/a><\/li>\n<\/ul>\n\n\n\n<p><\/p>\n","protected":false},"excerpt":{"rendered":"","protected":false},"author":1,"featured_media":0,"parent":0,"menu_order":0,"comment_status":"closed","ping_status":"closed","template":"","meta":{"_uag_custom_page_level_css":"","footnotes":""},"class_list":["post-2275","page","type-page","status-publish"],"uagb_featured_image_src":{"full":false,"thumbnail":false,"medium":false,"medium_large":false,"large":false,"1536x1536":false,"2048x2048":false},"uagb_author_info":{"display_name":"pierre","author_link":"https:\/\/mairieazillanet.net\/NS\/author\/le-scribe\/"},"uagb_comment_info":0,"uagb_excerpt":null,"_links":{"self":[{"href":"https:\/\/mairieazillanet.net\/NS\/wp-json\/wp\/v2\/pages\/2275","targetHints":{"allow":["GET"]}}],"collection":[{"href":"https:\/\/mairieazillanet.net\/NS\/wp-json\/wp\/v2\/pages"}],"about":[{"href":"https:\/\/mairieazillanet.net\/NS\/wp-json\/wp\/v2\/types\/page"}],"author":[{"embeddable":true,"href":"https:\/\/mairieazillanet.net\/NS\/wp-json\/wp\/v2\/users\/1"}],"replies":[{"embeddable":true,"href":"https:\/\/mairieazillanet.net\/NS\/wp-json\/wp\/v2\/comments?post=2275"}],"version-history":[{"count":133,"href":"https:\/\/mairieazillanet.net\/NS\/wp-json\/wp\/v2\/pages\/2275\/revisions"}],"predecessor-version":[{"id":3199,"href":"https:\/\/mairieazillanet.net\/NS\/wp-json\/wp\/v2\/pages\/2275\/revisions\/3199"}],"wp:attachment":[{"href":"https:\/\/mairieazillanet.net\/NS\/wp-json\/wp\/v2\/media?parent=2275"}],"curies":[{"name":"wp","href":"https:\/\/api.w.org\/{rel}","templated":true}]}}