{"id":1318,"date":"2021-02-25T21:38:55","date_gmt":"2021-02-25T20:38:55","guid":{"rendered":"https:\/\/mairieazillanet.net\/NS\/?page_id=1318"},"modified":"2022-10-10T18:05:17","modified_gmt":"2022-10-10T16:05:17","slug":"accueil-2","status":"publish","type":"page","link":"https:\/\/mairieazillanet.net\/NS\/","title":{"rendered":"Accueil"},"content":{"rendered":"\t\t<div data-elementor-type=\"wp-page\" data-elementor-id=\"1318\" class=\"elementor elementor-1318\">\n\t\t\t\t\t\t<section class=\"elementor-section elementor-top-section elementor-element elementor-element-d07e0f3 elementor-section-boxed elementor-section-height-default elementor-section-height-default\" data-id=\"d07e0f3\" data-element_type=\"section\" data-e-type=\"section\" data-settings=\"{&quot;animation&quot;:&quot;none&quot;}\">\n\t\t\t\t\t\t\t<div class=\"elementor-background-overlay\"><\/div>\n\t\t\t\t\t\t\t<div class=\"elementor-container elementor-column-gap-default\">\n\t\t\t\t\t<div class=\"elementor-column elementor-col-100 elementor-top-column elementor-element elementor-element-810ae63\" data-id=\"810ae63\" data-element_type=\"column\" data-e-type=\"column\" data-settings=\"{&quot;background_background&quot;:&quot;classic&quot;,&quot;animation_mobile&quot;:&quot;fadeInLeft&quot;}\">\n\t\t\t<div class=\"elementor-widget-wrap elementor-element-populated\">\n\t\t\t\t\t\t<div class=\"elementor-element elementor-element-43f6688 elementor-widget-mobile__width-initial elementor-widget__width-inherit elementor-invisible elementor-widget elementor-widget-heading\" data-id=\"43f6688\" data-element_type=\"widget\" data-e-type=\"widget\" data-settings=\"{&quot;_animation&quot;:&quot;fadeInDown&quot;,&quot;_animation_tablet&quot;:&quot;fadeInDown&quot;,&quot;_animation_mobile&quot;:&quot;fadeInLeft&quot;,&quot;_animation_delay&quot;:400}\" data-widget_type=\"heading.default\">\n\t\t\t\t<div class=\"elementor-widget-container\">\n\t\t\t\t\t<h3 class=\"elementor-heading-title elementor-size-medium\">Accueil<\/h3>\t\t\t\t<\/div>\n\t\t\t\t<\/div>\n\t\t\t\t\t<\/div>\n\t\t<\/div>\n\t\t\t\t\t<\/div>\n\t\t<\/section>\n\t\t\t\t<section class=\"elementor-section elementor-top-section elementor-element elementor-element-c52af87 elementor-section-boxed elementor-section-height-default elementor-section-height-default\" data-id=\"c52af87\" data-element_type=\"section\" data-e-type=\"section\">\n\t\t\t\t\t\t<div class=\"elementor-container elementor-column-gap-default\">\n\t\t\t\t\t<div class=\"elementor-column elementor-col-100 elementor-top-column elementor-element elementor-element-0fe2279\" data-id=\"0fe2279\" data-element_type=\"column\" data-e-type=\"column\">\n\t\t\t<div class=\"elementor-widget-wrap elementor-element-populated\">\n\t\t\t\t\t\t<div class=\"elementor-element elementor-element-e09db45 elementor-widget elementor-widget-heading\" data-id=\"e09db45\" data-element_type=\"widget\" data-e-type=\"widget\" data-widget_type=\"heading.default\">\n\t\t\t\t<div class=\"elementor-widget-container\">\n\t\t\t\t\t<h2 class=\"elementor-heading-title elementor-size-default\">Le mot du Maire<\/h2>\t\t\t\t<\/div>\n\t\t\t\t<\/div>\n\t\t\t\t\t<\/div>\n\t\t<\/div>\n\t\t\t\t\t<\/div>\n\t\t<\/section>\n\t\t\t\t<section class=\"elementor-section elementor-top-section elementor-element elementor-element-22dad24 elementor-section-boxed elementor-section-height-default elementor-section-height-default\" data-id=\"22dad24\" data-element_type=\"section\" data-e-type=\"section\">\n\t\t\t\t\t\t<div class=\"elementor-container elementor-column-gap-default\">\n\t\t\t\t\t<div class=\"elementor-column elementor-col-100 elementor-top-column elementor-element elementor-element-f1254e1\" data-id=\"f1254e1\" data-element_type=\"column\" data-e-type=\"column\">\n\t\t\t<div class=\"elementor-widget-wrap elementor-element-populated\">\n\t\t\t\t\t\t<div class=\"elementor-element elementor-element-7da40f5 elementor-widget-mobile__width-auto elementor-widget elementor-widget-text-editor\" data-id=\"7da40f5\" data-element_type=\"widget\" data-e-type=\"widget\" data-widget_type=\"text-editor.default\">\n\t\t\t\t<div class=\"elementor-widget-container\">\n\t\t\t\t\t\t\t\t\t<p><img fetchpriority=\"high\" decoding=\"async\" class=\"size-full wp-image-1935 alignright\" src=\"https:\/\/mairieazillanet.net\/NS\/wp-content\/uploads\/2021\/03\/Alexandre-Dye-3.jpg\" alt=\"\" width=\"221\" height=\"300\" \/>Que vous soyez habitants d\u2019Azillanet, de passage o\u00f9 que vous cherchiez un endroit pour poser vos valises nous vous souhaitons la bienvenue dans notre commune.<\/p><p>Au Sud la plaine Audoise, au Nord le Causse et les contreforts de la Montagne Noire\u00a0; entour\u00e9 de vignes, de garrigues et de pin\u00e8des\u00a0: Voici Azillanet\u00a0!<br \/>Joli village Languedocien dont les premi\u00e8res traces remontent en l\u2019an 800, vous d\u00e9couvrirez des ruelles tr\u00e8s anciennes, quelques-unes sont dot\u00e9es de tr\u00e8s beaux porches. Au hasard de votre promenade vous rencontrerez la rue \u00ab\u00a0c\u00f4te Pav\u00e9e\u00a0\u00bb ou la \u00ab\u00a0Fontaine du Lion\u00a0\u00bb.<br \/>Si vous voulez vous \u00e9vader, plusieurs sentiers p\u00e9destres vous feront conna\u00eetre la flore m\u00e9diterran\u00e9enne, notamment le GR77 (Sentier de Grande Randonn\u00e9e) qui relie le Saut de V\u00e9zole au Mont de l\u2019Alaric.<br \/>Vous pourrez aussi d\u00e9guster nos vins de caract\u00e8re\u00a0: vins de pays, AOP, et bien s\u00fbr nos vins issus de l\u2019appellation \u00ab\u00a0Cru La Livini\u00e8re\u00a0\u00bb, 1er cru reconnu en Languedoc en 1999, dont nous faisons partie depuis sa cr\u00e9ation.<br \/>N\u2019oublions pas la jeunesse dans cet \u00e9dito car c\u2019est elle notre avenir, c\u2019est pour cela que nous faisons le maximum pour nos \u00e9coles et nos services p\u00e9riscolaires avec une communaut\u00e9 \u00e9ducative d\u00e9vou\u00e9e et dynamique.<br \/>Enfin, pour vos loisirs, le tissu associatif Azillanetois est riche et diversifi\u00e9. Il anime notre village tout au long de l\u2019ann\u00e9e\u00a0: loto, carnaval, f\u00eate locale, f\u00eate de l\u2019Agro \u00e9cologie, vide grenier, journ\u00e9e sportive, concours de p\u00e9tanque\u2026<\/p><p>Demain j\u2019en suis s\u00fbr, notre territoire obtiendra le label Grand Site\u00a0: \u00ab\u00a0Cit\u00e9 de Minerve Gorges de la Cesse et du Brian\u00a0\u00bb ce qui nous permettra de rejoindre le cercle tr\u00e8s ferm\u00e9 des plus beaux sites de France au m\u00eame titre que la mythique \u00ab\u00a0Pointe du Raz\u00a0\u00bb ou les impressionnantes \u00ab\u00a0Gorges de l\u2019Ard\u00e8che\u00a0\u00bb<br \/>Ce territoire fa\u00e7onn\u00e9 par les Hommes, qui l\u2019automne venu forme une mosa\u00efque de couleurs magnifiques ne manque pas de s\u00e9duire les touristes et continue \u00e0 \u00e9merveiller ceux qui y vivent au quotidien\u00a0!<\/p><p>Le Maire Alexandre DYE<\/p>\t\t\t\t\t\t\t\t<\/div>\n\t\t\t\t<\/div>\n\t\t\t\t\t<\/div>\n\t\t<\/div>\n\t\t\t\t\t<\/div>\n\t\t<\/section>\n\t\t\t\t<\/div>\n\t\t","protected":false},"excerpt":{"rendered":"<p>Accueil Le mot du Maire Que vous soyez habitants d\u2019Azillanet, de passage o\u00f9 que vous cherchiez un endroit pour poser vos valises nous vous souhaitons la bienvenue dans notre commune. Au Sud la plaine Audoise, au Nord le Causse et les contreforts de la Montagne Noire\u00a0; entour\u00e9 de vignes, de garrigues et de pin\u00e8des\u00a0: Voici &#8230; <a title=\"Accueil\" class=\"read-more\" href=\"https:\/\/mairieazillanet.net\/NS\/\" aria-label=\"En savoir plus sur Accueil\">Lire la suite<\/a><\/p>\n","protected":false},"author":1,"featured_media":0,"parent":0,"menu_order":0,"comment_status":"closed","ping_status":"closed","template":"","meta":{"_uag_custom_page_level_css":"","footnotes":""},"class_list":["post-1318","page","type-page","status-publish"],"uagb_featured_image_src":{"full":false,"thumbnail":false,"medium":false,"medium_large":false,"large":false,"1536x1536":false,"2048x2048":false},"uagb_author_info":{"display_name":"pierre","author_link":"https:\/\/mairieazillanet.net\/NS\/author\/le-scribe\/"},"uagb_comment_info":0,"uagb_excerpt":"Accueil Le mot du Maire Que vous soyez habitants d\u2019Azillanet, de passage o\u00f9 que vous cherchiez un endroit pour poser vos valises nous vous souhaitons la bienvenue dans notre commune. Au Sud la plaine Audoise, au Nord le Causse et les contreforts de la Montagne Noire\u00a0; entour\u00e9 de vignes, de garrigues et de pin\u00e8des\u00a0: Voici\u2026","_links":{"self":[{"href":"https:\/\/mairieazillanet.net\/NS\/wp-json\/wp\/v2\/pages\/1318","targetHints":{"allow":["GET"]}}],"collection":[{"href":"https:\/\/mairieazillanet.net\/NS\/wp-json\/wp\/v2\/pages"}],"about":[{"href":"https:\/\/mairieazillanet.net\/NS\/wp-json\/wp\/v2\/types\/page"}],"author":[{"embeddable":true,"href":"https:\/\/mairieazillanet.net\/NS\/wp-json\/wp\/v2\/users\/1"}],"replies":[{"embeddable":true,"href":"https:\/\/mairieazillanet.net\/NS\/wp-json\/wp\/v2\/comments?post=1318"}],"version-history":[{"count":208,"href":"https:\/\/mairieazillanet.net\/NS\/wp-json\/wp\/v2\/pages\/1318\/revisions"}],"predecessor-version":[{"id":2262,"href":"https:\/\/mairieazillanet.net\/NS\/wp-json\/wp\/v2\/pages\/1318\/revisions\/2262"}],"wp:attachment":[{"href":"https:\/\/mairieazillanet.net\/NS\/wp-json\/wp\/v2\/media?parent=1318"}],"curies":[{"name":"wp","href":"https:\/\/api.w.org\/{rel}","templated":true}]}}